{"id":444,"date":"2020-10-26T12:19:22","date_gmt":"2020-10-26T12:19:22","guid":{"rendered":"http:\/\/amwerk.electrodrive-systeme.com\/berlin\/?page_id=444"},"modified":"2022-01-18T12:12:52","modified_gmt":"2022-01-18T11:12:52","slug":"careers","status":"publish","type":"page","link":"http:\/\/electrodrive-systeme.com\/site\/careers\/","title":{"rendered":"Moyens Humains"},"content":{"rendered":"<div class=\"bt_bb_wrapper\"><section id=\"bt_bb_section69e15e06928ac\"  data-background_image_src=\"'http:\/\/electrodrive-systeme.com\/site\/wp-content\/uploads\/2022\/01\/Capture-de\u0301cran-2022-01-11-a\u0300-09.49.15.png'\" class=\"bt_bb_section bt_bb_color_scheme_11 bt_bb_layout_wide bt_bb_vertical_align_top btLazyLoadBackground bt_bb_background_image bt_bb_background_overlay_alternate_solid bt_bb_bottom_spacing_large bt_bb_section_allow_content_outside bt-dark-skin\" style=\"background-image:url(&#039;http:\/\/electrodrive-systeme.com\/site\/wp-content\/plugins\/bold-page-builder\/img\/blank.gif&#039;);\" data-bt-override-class=\"null\"><div class=\"bt_bb_port\"><div class=\"bt_bb_cell\"><div class=\"bt_bb_cell_inner\"><div class=\"bt_bb_row_wrapper bt_bb_row_width_boxed_1200 bt_bb_row_push_left\"><div  class=\"bt_bb_row\" ><div  class=\"bt_bb_column col-xl-6 bt_bb_align_left bt_bb_vertical_align_top bt_bb_padding_normal bt_bb_animation_fade_in bt_bb_animation_zoom_out animate\" style=\"position: relative;\" data-width=\"6\" data-bt-override-class=\"{}\"><div class=\"bt_bb_column_content\"><div class=\"bt_bb_column_content_inner\"><div class=\"bt_bb_floating_image bt_bb_floating_image_horizontal_position_left bt_bb_floating_image_vertical_position_top bt_bb_floating_image_animation_delay_0 bt_bb_floating_image_animation_duration_0 bt_bb_floating_image_animation_style_ease_out\" data-speed=\"0\"><div class=\"bt_bb_floating_image_image\" data-speed=\"0\"><div class=\"bt_bb_image\" data-bt-override-class=\"null\"><span><img decoding=\"async\" src=\"http:\/\/electrodrive-systeme.com\/site\/wp-content\/uploads\/2020\/11\/img-floater-brown-huge.png\" data-full_image_src=\"http:\/\/electrodrive-systeme.com\/site\/wp-content\/uploads\/2020\/11\/img-floater-brown-huge.png\"  alt=\"http:\/\/electrodrive-systeme.com\/site\/wp-content\/uploads\/2020\/11\/img-floater-brown-huge.png\"><\/span><\/div><\/div><\/div><div class=\"bt_bb_floating_image bt_bb_floating_image_horizontal_position_left bt_bb_floating_image_vertical_position_top bt_bb_floating_image_animation_delay_0 bt_bb_floating_image_animation_duration_0 bt_bb_floating_image_animation_style_ease_out bt_bb_hidden_xs bt_bb_hidden_ms bt_bb_hidden_sm\" data-speed=\"0\"><div class=\"bt_bb_floating_image_image\" data-speed=\"0\"><div class=\"bt_bb_image\" data-bt-override-class=\"null\"><span><img decoding=\"async\" src=\"http:\/\/electrodrive-systeme.com\/site\/wp-content\/uploads\/2020\/11\/img-brown-floater.png\" data-full_image_src=\"http:\/\/electrodrive-systeme.com\/site\/wp-content\/uploads\/2020\/11\/img-brown-floater.png\"  alt=\"http:\/\/electrodrive-systeme.com\/site\/wp-content\/uploads\/2020\/11\/img-brown-floater.png\"><\/span><\/div><\/div><\/div><div class=\"bt_bb_separator bt_bb_border_style_none bt_bb_bottom_spacing_100\" data-bt-override-class=\"null\"><\/div><div class=\"bt_bb_separator bt_bb_border_style_none bt_bb_bottom_spacing_80\" data-bt-override-class=\"null\"><\/div><div class=\"bt_bb_separator bt_bb_border_style_none bt_bb_bottom_spacing_5\" data-bt-override-class=\"null\"><\/div><div class=\"bt_bb_separator bt_bb_border_style_none bt_bb_bottom_spacing_70 bt_bb_hidden_xs bt_bb_hidden_ms bt_bb_hidden_sm\" data-bt-override-class=\"null\"><\/div><header class=\"bt_bb_headline bt_bb_dash_top bt_bb_superheadline bt_bb_subheadline bt_bb_size_large bt_bb_align_inherit\" data-bt-override-class=\"null\"><h1><span class=\"bt_bb_headline_superheadline\"><span>Electrodrive Systeme<\/span><\/span><span class=\"bt_bb_headline_content\"><span>MOYENS HUMAINS<span class=\"bt_bb_outline_text bt_bb_outline_text_align_left bt_bb_outline_text_size_400\"><span>Moyens Humains<\/span><\/span><\/span><\/span><\/h1><div class=\"bt_bb_headline_subheadline\">La volont\u00e9 d\u2019offrir \u00e0 nos clients des produits de qualit\u00e9 avec un prix raisonnable est notre priorit\u00e9, le p\u00f4le charg\u00e9 de l\u2019\u00e9tude et la r\u00e9ponse aux exigences de nos clients en collaboration avec le p\u00f4le qualit\u00e9 veillent \u00e0 innover et \u00e9laborer des solutions optimales et dans les d\u00e9lais pr\u00e9d\u00e9termin\u00e9s tout en respectant la qualit\u00e9 et l\u2019esth\u00e9tique des produits finis.<\/div><\/header><div class=\"bt_bb_separator bt_bb_border_style_none bt_bb_bottom_spacing_60\" data-bt-override-class=\"null\"><\/div><\/div><\/div><\/div><div  class=\"bt_bb_column col-xl-6 bt_bb_align_right bt_bb_vertical_align_top bt_bb_padding_40 bt_bb_animation_fade_in bt_bb_animation_zoom_out animate\"  data-width=\"6\" data-bt-override-class=\"{}\"><div class=\"bt_bb_column_content\"><div class=\"bt_bb_column_content_inner\"><\/div><\/div><\/div><\/div><\/div><\/div><\/div><\/div><\/section><section id=\"bt_bb_section69e15e0697571\"  class=\"bt_bb_section bt_bb_layout_wide bt_bb_vertical_align_top bt_bb_top_spacing_100 bt_bb_bottom_spacing_100\"  data-bt-override-class=\"null\"><div class=\"bt_bb_port\"><div class=\"bt_bb_cell\"><div class=\"bt_bb_cell_inner\"><div class=\"bt_bb_row_wrapper bt_bb_row_width_boxed_1200 bt_bb_row_push_right bt_bb_content_wide\"><div  class=\"bt_bb_row bt_bb_column_gap_40\" ><div  class=\"bt_bb_column col-xl-6 bt_bb_align_left bt_bb_vertical_align_middle bt_bb_padding_normal bt_bb_animation_fade_in animate\"  data-width=\"6\" data-bt-override-class=\"{}\"><div class=\"bt_bb_column_content\"><div class=\"bt_bb_column_content_inner\"><header class=\"bt_bb_headline bt_bb_dash_top bt_bb_superheadline bt_bb_subheadline bt_bb_size_large bt_bb_align_inherit\" data-bt-override-class=\"null\"><h1><span class=\"bt_bb_headline_superheadline\"><span>Electrodrive Systeme<\/span><\/span><span class=\"bt_bb_headline_content\"><span>Moyens Humains<\/span><\/span><\/h1><div class=\"bt_bb_headline_subheadline\">La formation et l\u2019exp\u00e9rience du personnel d\u2019ex\u00e9cution de travaux offrent une flexibilit\u00e9 et un bon d\u00e9roulement des phases d\u2019installation et de mise en service de diff\u00e9rentes installations quel que soit le degr\u00e9 de difficult\u00e9 du milieu de travail.<\/div><\/header><div class=\"bt_bb_separator bt_bb_border_style_none bt_bb_bottom_spacing_40\" data-bt-override-class=\"null\"><\/div><div  class=\"bt_bb_row_inner\" ><div  class=\"bt_bb_column_inner col-xl-6 bt_bb_align_left bt_bb_vertical_align_top\"  data-width=\"6\" data-bt-override-class=\"{}\"><div class=\"bt_bb_column_inner_content\"><header class=\"bt_bb_headline bt_bb_dash_top bt_bb_size_small bt_bb_align_inherit\" data-bt-override-class=\"null\"><h4><span class=\"bt_bb_headline_content\"><span>Personnel administratif :<\/span><\/span><\/h4><\/header><div class=\"bt_bb_separator bt_bb_border_style_none bt_bb_bottom_spacing_25\" data-bt-override-class=\"null\"><\/div><div class=\"bt_bb_icon btFooterAccentIcon bt_bb_style_borderless bt_bb_size_small bt_bb_shape_circle bt_bb_align_inherit\" data-bt-override-class=\"{&quot;bt_bb_size_&quot;:{&quot;current_class&quot;:&quot;bt_bb_size_small&quot;,&quot;xl&quot;:&quot;small&quot;},&quot;bt_bb_align_&quot;:{&quot;current_class&quot;:&quot;bt_bb_align_inherit&quot;,&quot;xl&quot;:&quot;inherit&quot;}}\"><span  data-ico-fontawesome5regular=\"&#xf058;\" class=\"bt_bb_icon_holder\"><span>Un responsable administratif et financier.<\/span><\/span><\/div><div class=\"bt_bb_separator bt_bb_border_style_none bt_bb_bottom_spacing_10\" data-bt-override-class=\"null\"><\/div><div class=\"bt_bb_icon btFooterAccentIcon bt_bb_style_borderless bt_bb_size_small bt_bb_shape_circle bt_bb_align_inherit\" data-bt-override-class=\"{&quot;bt_bb_size_&quot;:{&quot;current_class&quot;:&quot;bt_bb_size_small&quot;,&quot;xl&quot;:&quot;small&quot;},&quot;bt_bb_align_&quot;:{&quot;current_class&quot;:&quot;bt_bb_align_inherit&quot;,&quot;xl&quot;:&quot;inherit&quot;}}\"><span  data-ico-fontawesome5regular=\"&#xf058;\" class=\"bt_bb_icon_holder\"><span>Un charg\u00e9 d'affaires.<\/span><\/span><\/div><div class=\"bt_bb_separator bt_bb_border_style_none bt_bb_bottom_spacing_10\" data-bt-override-class=\"null\"><\/div><div class=\"bt_bb_icon btFooterAccentIcon bt_bb_style_borderless bt_bb_size_small bt_bb_shape_circle bt_bb_align_inherit\" data-bt-override-class=\"{&quot;bt_bb_size_&quot;:{&quot;current_class&quot;:&quot;bt_bb_size_small&quot;,&quot;xl&quot;:&quot;small&quot;},&quot;bt_bb_align_&quot;:{&quot;current_class&quot;:&quot;bt_bb_align_inherit&quot;,&quot;xl&quot;:&quot;inherit&quot;}}\"><span  data-ico-fontawesome5regular=\"&#xf058;\" class=\"bt_bb_icon_holder\"><span>Un secr\u00e9taire commerciale.<\/span><\/span><\/div><div class=\"bt_bb_separator bt_bb_border_style_none bt_bb_bottom_spacing_10\" data-bt-override-class=\"null\"><\/div><div class=\"bt_bb_icon btFooterAccentIcon bt_bb_style_borderless bt_bb_size_small bt_bb_shape_circle bt_bb_align_inherit\" data-bt-override-class=\"{&quot;bt_bb_size_&quot;:{&quot;current_class&quot;:&quot;bt_bb_size_small&quot;,&quot;xl&quot;:&quot;small&quot;},&quot;bt_bb_align_&quot;:{&quot;current_class&quot;:&quot;bt_bb_align_inherit&quot;,&quot;xl&quot;:&quot;inherit&quot;}}\"><span  data-ico-fontawesome5regular=\"&#xf058;\" class=\"bt_bb_icon_holder\"><span>Un automaticien programmeur.<\/span><\/span><\/div><div class=\"bt_bb_separator bt_bb_border_style_none bt_bb_bottom_spacing_10\" data-bt-override-class=\"null\"><\/div><div class=\"bt_bb_icon btFooterAccentIcon bt_bb_style_borderless bt_bb_size_small bt_bb_shape_circle bt_bb_align_inherit\" data-bt-override-class=\"{&quot;bt_bb_size_&quot;:{&quot;current_class&quot;:&quot;bt_bb_size_small&quot;,&quot;xl&quot;:&quot;small&quot;},&quot;bt_bb_align_&quot;:{&quot;current_class&quot;:&quot;bt_bb_align_inherit&quot;,&quot;xl&quot;:&quot;inherit&quot;}}\"><span  data-ico-fontawesome5regular=\"&#xf058;\" class=\"bt_bb_icon_holder\"><span>Deux ing\u00e9nieurs d\u2019\u00e9tude.<\/span><\/span><\/div><\/div><\/div><div  class=\"bt_bb_column_inner col-xl-6 bt_bb_align_left bt_bb_vertical_align_top\"  data-width=\"6\" data-bt-override-class=\"{}\"><div class=\"bt_bb_column_inner_content\"><header class=\"bt_bb_headline bt_bb_dash_top bt_bb_size_small bt_bb_align_inherit\" data-bt-override-class=\"null\"><h4><span class=\"bt_bb_headline_content\"><span>Personnel d\u2019ex\u00e9cution :<\/span><\/span><\/h4><\/header><div class=\"bt_bb_separator bt_bb_border_style_none bt_bb_bottom_spacing_25\" data-bt-override-class=\"null\"><\/div><div class=\"bt_bb_icon btFooterAccentIcon bt_bb_style_borderless bt_bb_size_small bt_bb_shape_circle bt_bb_align_inherit\" data-bt-override-class=\"{&quot;bt_bb_size_&quot;:{&quot;current_class&quot;:&quot;bt_bb_size_small&quot;,&quot;xl&quot;:&quot;small&quot;},&quot;bt_bb_align_&quot;:{&quot;current_class&quot;:&quot;bt_bb_align_inherit&quot;,&quot;xl&quot;:&quot;inherit&quot;}}\"><span  data-ico-fontawesome5regular=\"&#xf058;\" class=\"bt_bb_icon_holder\"><span>Un chef de projet.<\/span><\/span><\/div><div class=\"bt_bb_separator bt_bb_border_style_none bt_bb_bottom_spacing_10\" data-bt-override-class=\"null\"><\/div><div class=\"bt_bb_icon btFooterAccentIcon bt_bb_style_borderless bt_bb_size_small bt_bb_shape_circle bt_bb_align_inherit\" data-bt-override-class=\"{&quot;bt_bb_size_&quot;:{&quot;current_class&quot;:&quot;bt_bb_size_small&quot;,&quot;xl&quot;:&quot;small&quot;},&quot;bt_bb_align_&quot;:{&quot;current_class&quot;:&quot;bt_bb_align_inherit&quot;,&quot;xl&quot;:&quot;inherit&quot;}}\"><span  data-ico-fontawesome5regular=\"&#xf058;\" class=\"bt_bb_icon_holder\"><span>4 ing\u00e9nieurs en \u00e9lectricit\u00e9.<\/span><\/span><\/div><div class=\"bt_bb_separator bt_bb_border_style_none bt_bb_bottom_spacing_10\" data-bt-override-class=\"null\"><\/div><div class=\"bt_bb_icon btFooterAccentIcon bt_bb_style_borderless bt_bb_size_small bt_bb_shape_circle bt_bb_align_inherit\" data-bt-override-class=\"{&quot;bt_bb_size_&quot;:{&quot;current_class&quot;:&quot;bt_bb_size_small&quot;,&quot;xl&quot;:&quot;small&quot;},&quot;bt_bb_align_&quot;:{&quot;current_class&quot;:&quot;bt_bb_align_inherit&quot;,&quot;xl&quot;:&quot;inherit&quot;}}\"><span  data-ico-fontawesome5regular=\"&#xf058;\" class=\"bt_bb_icon_holder\"><span>3 responsables qualit\u00e9.<\/span><\/span><\/div><div class=\"bt_bb_separator bt_bb_border_style_none bt_bb_bottom_spacing_10\" data-bt-override-class=\"null\"><\/div><div class=\"bt_bb_icon btFooterAccentIcon bt_bb_style_borderless bt_bb_size_small bt_bb_shape_circle bt_bb_align_inherit\" data-bt-override-class=\"{&quot;bt_bb_size_&quot;:{&quot;current_class&quot;:&quot;bt_bb_size_small&quot;,&quot;xl&quot;:&quot;small&quot;},&quot;bt_bb_align_&quot;:{&quot;current_class&quot;:&quot;bt_bb_align_inherit&quot;,&quot;xl&quot;:&quot;inherit&quot;}}\"><span  data-ico-fontawesome5regular=\"&#xf058;\" class=\"bt_bb_icon_holder\"><span>3 chefs de chantier.<\/span><\/span><\/div><div class=\"bt_bb_separator bt_bb_border_style_none bt_bb_bottom_spacing_10\" data-bt-override-class=\"null\"><\/div><div class=\"bt_bb_icon btFooterAccentIcon bt_bb_style_borderless bt_bb_size_small bt_bb_shape_circle bt_bb_align_inherit\" data-bt-override-class=\"{&quot;bt_bb_size_&quot;:{&quot;current_class&quot;:&quot;bt_bb_size_small&quot;,&quot;xl&quot;:&quot;small&quot;},&quot;bt_bb_align_&quot;:{&quot;current_class&quot;:&quot;bt_bb_align_inherit&quot;,&quot;xl&quot;:&quot;inherit&quot;}}\"><span  data-ico-fontawesome5regular=\"&#xf058;\" class=\"bt_bb_icon_holder\"><span>27 \u00e9lectriciens.<\/span><\/span><\/div><div class=\"bt_bb_separator bt_bb_border_style_none bt_bb_bottom_spacing_10\" data-bt-override-class=\"null\"><\/div><div class=\"bt_bb_icon btFooterAccentIcon bt_bb_style_borderless bt_bb_size_small bt_bb_shape_circle bt_bb_align_inherit\" data-bt-override-class=\"{&quot;bt_bb_size_&quot;:{&quot;current_class&quot;:&quot;bt_bb_size_small&quot;,&quot;xl&quot;:&quot;small&quot;},&quot;bt_bb_align_&quot;:{&quot;current_class&quot;:&quot;bt_bb_align_inherit&quot;,&quot;xl&quot;:&quot;inherit&quot;}}\"><span  data-ico-fontawesome5regular=\"&#xf058;\" class=\"bt_bb_icon_holder\"><span>4 \u00e9lectrom\u00e9caniciens.<\/span><\/span><\/div><div class=\"bt_bb_separator bt_bb_border_style_none bt_bb_bottom_spacing_10\" data-bt-override-class=\"null\"><\/div><div class=\"bt_bb_icon btFooterAccentIcon bt_bb_style_borderless bt_bb_size_small bt_bb_shape_circle bt_bb_align_inherit\" data-bt-override-class=\"{&quot;bt_bb_size_&quot;:{&quot;current_class&quot;:&quot;bt_bb_size_small&quot;,&quot;xl&quot;:&quot;small&quot;},&quot;bt_bb_align_&quot;:{&quot;current_class&quot;:&quot;bt_bb_align_inherit&quot;,&quot;xl&quot;:&quot;inherit&quot;}}\"><span  data-ico-fontawesome5regular=\"&#xf058;\" class=\"bt_bb_icon_holder\"><span>7 chaudronniers.<\/span><\/span><\/div><div class=\"bt_bb_separator bt_bb_border_style_none bt_bb_bottom_spacing_10\" data-bt-override-class=\"null\"><\/div><div class=\"bt_bb_icon btFooterAccentIcon bt_bb_style_borderless bt_bb_size_small bt_bb_shape_circle bt_bb_align_inherit\" data-bt-override-class=\"{&quot;bt_bb_size_&quot;:{&quot;current_class&quot;:&quot;bt_bb_size_small&quot;,&quot;xl&quot;:&quot;small&quot;},&quot;bt_bb_align_&quot;:{&quot;current_class&quot;:&quot;bt_bb_align_inherit&quot;,&quot;xl&quot;:&quot;inherit&quot;}}\"><span  data-ico-fontawesome5regular=\"&#xf058;\" class=\"bt_bb_icon_holder\"><span>3 superviseurs HSE.<\/span><\/span><\/div><div class=\"bt_bb_separator bt_bb_border_style_none bt_bb_bottom_spacing_10\" data-bt-override-class=\"null\"><\/div><div class=\"bt_bb_icon btFooterAccentIcon bt_bb_style_borderless bt_bb_size_small bt_bb_shape_circle bt_bb_align_inherit\" data-bt-override-class=\"{&quot;bt_bb_size_&quot;:{&quot;current_class&quot;:&quot;bt_bb_size_small&quot;,&quot;xl&quot;:&quot;small&quot;},&quot;bt_bb_align_&quot;:{&quot;current_class&quot;:&quot;bt_bb_align_inherit&quot;,&quot;xl&quot;:&quot;inherit&quot;}}\"><span  data-ico-fontawesome5regular=\"&#xf058;\" class=\"bt_bb_icon_holder\"><span>2 managers HSE.<\/span><\/span><\/div><\/div><\/div><\/div><div class=\"bt_bb_separator bt_bb_border_style_solid bt_bb_top_spacing_40 bt_bb_bottom_spacing_40\" data-bt-override-class=\"null\"><\/div><\/div><\/div><\/div><div  class=\"bt_bb_column col-xl-6 bt_bb_align_left bt_bb_vertical_align_top bt_bb_padding_normal bt_bb_animation_fade_in animate\" style=\"position: relative;\" data-width=\"6\" data-bt-override-class=\"{}\"><div class=\"bt_bb_column_content\"><div class=\"bt_bb_column_content_inner\"><div class=\"bt_bb_image bt_bb_shape_square bt_bb_align_inherit bt_bb_hover_style_simple bt_bb_content_display_always bt_bb_content_align_middle bt_bb_remove_padding_yes bt_bb_fill_background_color_full\" style=\"max-width: 750px;\" data-bt-override-class=\"null\"><span><img src = \"http:\/\/electrodrive-systeme.com\/site\/wp-content\/plugins\/bold-page-builder\/img\/blank.gif\" data-full_image_src=\"http:\/\/electrodrive-systeme.com\/site\/wp-content\/uploads\/2022\/01\/Capture-de\u0301cran-2022-01-11-a\u0300-10.26.09.png\" data-image_src=\"http:\/\/electrodrive-systeme.com\/site\/wp-content\/uploads\/2022\/01\/Capture-de\u0301cran-2022-01-11-a\u0300-10.26.09.png\" title=\"Electrodrive systeme\" alt=\"http:\/\/electrodrive-systeme.com\/site\/wp-content\/uploads\/2022\/01\/Capture-de\u0301cran-2022-01-11-a\u0300-10.26.09.png\" class=\"btLazyLoadImage\"><\/span><\/div><div class=\"bt_bb_floating_element bt_bb_floating_element_horizontal_position_left bt_bb_floating_element_vertical_position_top bt_bb_floating_element_animation_delay_default bt_bb_floating_element_animation_duration_default bt_bb_floating_element_animation_style_ease_out\" style=\"mix-blend-mode: multiply; margin-left: 40px; margin-top: 2em;\" data-speed=\"1.0\"><div class=\"bt_bb_floating_element_html\" data-speed=\"1.0\"><span  style=\"width: 6em; height: 6em; transform: skewy(-30deg);background-color: rgb(129,215,66);\"><\/span><\/div><\/div><\/div><\/div><\/div><\/div><\/div><\/div><\/div><\/div><\/section><section id=\"bt_bb_section69e15e0698e20\"  class=\"bt_bb_section bt_bb_layout_boxed_1200 bt_bb_vertical_align_top bt_bb_bottom_spacing_100\"  data-bt-override-class=\"null\"><div class=\"bt_bb_port\"><div class=\"bt_bb_cell\"><div class=\"bt_bb_cell_inner\"><div class=\"bt_bb_row_wrapper\"><div  class=\"bt_bb_row bt_bb_column_gap_20\" ><div  class=\"bt_bb_column col-xl-12 bt_bb_align_left bt_bb_vertical_align_middle bt_bb_padding_80 bt_bb_animation_fade_in bt_bb_animation_zoom_out animate\" style=\"background-color:rgba(241, 241, 241, 1);\" data-width=\"12\" data-bt-override-class=\"{}\"><div class=\"bt_bb_column_content\"><div class=\"bt_bb_column_content_inner\"><div class=\"bt_bb_separator bt_bb_border_style_none bt_bb_bottom_spacing_50\" data-bt-override-class=\"null\"><\/div><div class=\"bt_bb_contact_form_7\"><div role=\"form\" class=\"wpcf7\" id=\"wpcf7-f1000-o1\" lang=\"en-US\" dir=\"ltr\">\n<div class=\"screen-reader-response\"><p role=\"status\" aria-live=\"polite\" aria-atomic=\"true\"><\/p> <ul><\/ul><\/div>\n<form action=\"\/site\/wp-json\/wp\/v2\/pages\/444#wpcf7-f1000-o1\" method=\"post\" class=\"wpcf7-form init\" novalidate=\"novalidate\" data-status=\"init\">\n<div style=\"display: none;\">\n<input type=\"hidden\" name=\"_wpcf7\" value=\"1000\" \/>\n<input type=\"hidden\" name=\"_wpcf7_version\" value=\"5.5.3\" \/>\n<input type=\"hidden\" name=\"_wpcf7_locale\" value=\"en_US\" \/>\n<input type=\"hidden\" name=\"_wpcf7_unit_tag\" value=\"wpcf7-f1000-o1\" \/>\n<input type=\"hidden\" name=\"_wpcf7_container_post\" value=\"0\" \/>\n<input type=\"hidden\" name=\"_wpcf7_posted_data_hash\" value=\"\" \/>\n<\/div>\n<div class=\"bt_bb_cf7_form bt_bb_cf7_twocol_form\">\n<div class=\"bt_bb_cf7_row\">\n<div class=\"bt_bb_cf7_element bt_bb_cf7_element_required\"><span class=\"wpcf7-form-control-wrap your-name\"><input type=\"text\" name=\"your-name\" value=\"\" size=\"40\" class=\"wpcf7-form-control wpcf7-text wpcf7-validates-as-required\" aria-required=\"true\" aria-invalid=\"false\" placeholder=\"Votre Nom\" \/><\/span><\/div>\n<div class=\"bt_bb_cf7_element bt_bb_cf7_element_required\"><span class=\"wpcf7-form-control-wrap your-email\"><input type=\"email\" name=\"your-email\" value=\"\" size=\"40\" class=\"wpcf7-form-control wpcf7-text wpcf7-email wpcf7-validates-as-required wpcf7-validates-as-email\" aria-required=\"true\" aria-invalid=\"false\" placeholder=\"Votre Email\" \/><\/span> <\/div>\n<\/div>\n<div class=\"bt_bb_cf7_row\">\n<div class=\"bt_bb_cf7_element\"><span class=\"wpcf7-form-control-wrap your-tel\"><input type=\"tel\" name=\"your-tel\" value=\"\" size=\"40\" class=\"wpcf7-form-control wpcf7-text wpcf7-tel wpcf7-validates-as-tel\" aria-invalid=\"false\" placeholder=\"T\u00e9l\" \/><\/span><\/div>\n<\/div>\n<div class=\"bt_bb_cf7_row\">\n<div class=\"bt_bb_cf7_element bt_bb_cf7_element_required\"><span class=\"wpcf7-form-control-wrap your-message\"><textarea name=\"your-message\" cols=\"40\" rows=\"4\" class=\"wpcf7-form-control wpcf7-textarea wpcf7-validates-as-required\" aria-required=\"true\" aria-invalid=\"false\" placeholder=\"D\u00e9crivez votre demande\"><\/textarea><\/span><\/div>\n<\/div>\n<div class=\"bt_bb_cf7_button bt_bb_cf7_button_larger\"><input type=\"submit\" value=\"Envoyer\" class=\"wpcf7-form-control has-spinner wpcf7-submit\" \/><\/div>\n<\/div>\n<div class=\"wpcf7-response-output\" aria-hidden=\"true\"><\/div><\/form><\/div><\/div><div class=\"bt_bb_separator bt_bb_border_style_none bt_bb_bottom_spacing_30\" data-bt-override-class=\"null\"><\/div><\/div><\/div><\/div><\/div><\/div><\/div><\/div><\/div><\/section><\/div>","protected":false},"excerpt":{"rendered":"<p>Dynamically target high-payoff intellectual capital for customized technologies. Objectively integrate emerging core competencies before process-centric communities. Dramatically evisculate holistic innovation rather than client-centric data.<\/p>\n","protected":false},"author":1,"featured_media":586,"parent":0,"menu_order":0,"comment_status":"closed","ping_status":"closed","template":"","meta":{"footnotes":""},"class_list":["post-444","page","type-page","status-publish","has-post-thumbnail","hentry"],"_links":{"self":[{"href":"http:\/\/electrodrive-systeme.com\/site\/wp-json\/wp\/v2\/pages\/444","targetHints":{"allow":["GET"]}}],"collection":[{"href":"http:\/\/electrodrive-systeme.com\/site\/wp-json\/wp\/v2\/pages"}],"about":[{"href":"http:\/\/electrodrive-systeme.com\/site\/wp-json\/wp\/v2\/types\/page"}],"author":[{"embeddable":true,"href":"http:\/\/electrodrive-systeme.com\/site\/wp-json\/wp\/v2\/users\/1"}],"replies":[{"embeddable":true,"href":"http:\/\/electrodrive-systeme.com\/site\/wp-json\/wp\/v2\/comments?post=444"}],"version-history":[{"count":7,"href":"http:\/\/electrodrive-systeme.com\/site\/wp-json\/wp\/v2\/pages\/444\/revisions"}],"predecessor-version":[{"id":1115,"href":"http:\/\/electrodrive-systeme.com\/site\/wp-json\/wp\/v2\/pages\/444\/revisions\/1115"}],"wp:featuredmedia":[{"embeddable":true,"href":"http:\/\/electrodrive-systeme.com\/site\/wp-json\/wp\/v2\/media\/586"}],"wp:attachment":[{"href":"http:\/\/electrodrive-systeme.com\/site\/wp-json\/wp\/v2\/media?parent=444"}],"curies":[{"name":"wp","href":"https:\/\/api.w.org\/{rel}","templated":true}]}}